{"id":1837,"date":"2020-10-07T08:52:32","date_gmt":"2021-02-01T16:27:08","guid":{"rendered":"https:\/\/dethonray.nl\/product\/dethonray-dtr-1-prelude"},"modified":"2021-02-01T18:27:08","modified_gmt":"2021-02-01T16:27:08","slug":"dethonray-dtr-1-prelude-2","status":"publish","type":"product","link":"https:\/\/dethonray.nl\/fr\/produit\/dethonray-dtr-1-prelude-2","title":{"rendered":"Dethonray DTR 1 Pr\u00e9lude"},"content":{"rendered":"<p><script type=\"application\/ld+json\">\n{\n  \"@context\": \"https:\/\/schema.org\/\",\n  \"@type\": \"Product\",\n  \"name\": \"Dethonray DTR 1 Prelude\",\n  \"image\": \"https:\/\/dethonray.nl\/wp-content\/uploads\/2020\/10\/DTR-1-700x700-1.jpg\",\n  \"description\": \"Dethonray DTR1 Prelude  Digitale Audiospeler (DAP)\",\n  \"brand\": \"Dethonray\",\n  \"sku\": \"DETHTONRAYDTR1\",\n  \"offers\": {\n    \"@type\": \"Offer\",\n    \"url\": \"https:\/\/dethonray.nl\/product\/dethonray-dtr-1-prelude\/\",\n    \"priceCurrency\": \"EUR\",\n    \"price\": \"580\",\n    \"priceValidUntil\": \"2020-10-31\",\n    \"availability\": \"https:\/\/schema.org\/InStock\",\n    \"itemCondition\": \"https:\/\/schema.org\/NewCondition\"\n  }\n}\n<\/script><\/p>\n<p><span style=\"font-weight: 400;\">Le Dethonray DTR1 est con\u00e7u comme un lecteur audio num\u00e9rique (DAP) pur, minimaliste et parfait.<\/span><\/p>\n<p><span style=\"font-weight: 400;\">L&#8217;\u00e9quipe de Dethonray a pris toutes ses d\u00e9cisions de conception pour obtenir le meilleur son possible dans un petit produit \u00e0 prix abordable.<\/span><\/p>\n<p><span style=\"font-weight: 400;\">\u00c0 peu pr\u00e8s de la taille d&#8217;un pont et en aluminium. Facile \u00e0 transporter et ayez une collection de musique de 2 To dans votre poche.<\/span><\/p>\n<p><span style=\"font-weight: 400;\">De nombreux critiques conviennent que ce joueur fonctionne au niveau de joueurs co\u00fbtant au moins 3 ou 4 fois plus cher que le Dethonray.<\/span><\/p>\n<p><span style=\"font-weight: 400;\">Le Dethonray ne rivalise pas avec les fonctionnalit\u00e9s des lecteurs Android avec bluetooth, applications de streaming et \u00e9crans tactiles.<\/span><\/p>\n<p><span style=\"font-weight: 400;\">Ce lecteur offre le meilleur son.<\/span><\/p>\n<p><span style=\"font-weight: 400;\">Citations des critiques: <\/span><\/p>\n<ul>\n<li style=\"font-weight: 400;\"><span style=\"font-weight: 400;\">Suit <\/span><\/li>\n<\/ul>\n<p><span style=\"font-weight: 400;\">\u00c9l\u00e9ments de conception et d&#8217;ing\u00e9nierie pour obtenir un meilleur appareil de sondage<\/span><\/p>\n<ul>\n<li style=\"font-weight: 400;\"><span style=\"font-weight: 400;\">Dethonray a \u00e9crit sa propre version d&#8217;un syst\u00e8me d&#8217;exploitation Linux profond\u00e9ment modifi\u00e9. Il en r\u00e9sulte un sous-syst\u00e8me audio qui fonctionne 30% plus efficacement que le sous-syst\u00e8me audio ALSA.<\/span><\/li>\n<li style=\"font-weight: 400;\"><span style=\"font-weight: 400;\">Deux circuits d&#8217;alimentation propres et avanc\u00e9s pour fournir une alimentation s\u00e9par\u00e9e pour le d\u00e9codage et l&#8217;amplification. Le DAC et l&#8217;amplificateur ont tous deux leur propre alimentation \u00e9lectrique. Le r\u00e9sultat est plus propre. un son plus silencieux, plus d\u00e9taill\u00e9 et plus naturel.<\/span><\/li>\n<li style=\"font-weight: 400;\"><span style=\"font-weight: 400;\">Le Dethonray DTR1 est fabriqu\u00e9 en aluminium l\u00e9ger usin\u00e9 \u00e0 la machine avec pr\u00e9cision. La conception intelligente prot\u00e8ge les composants contre les interf\u00e9rences EMI.<\/span><\/li>\n<\/ul>\n<p>&nbsp;<\/p>\n<p><span style=\"font-weight: 400;\">Caract\u00e9ristiques: <\/span><\/p>\n<table>\n<tbody>\n<tr>\n<td><span style=\"font-weight: 400;\">Ch\u00e2ssis<\/span><\/td>\n<td><span style=\"font-weight: 400;\">alliage d&#8217;aluminium l\u00e9ger de qualit\u00e9 a\u00e9ronautique<\/span><\/td>\n<\/tr>\n<tr>\n<td><span style=\"font-weight: 400;\">OS<\/span><\/td>\n<td><span style=\"font-weight: 400;\">OS Linux optimis\u00e9, syst\u00e8me GUI brevet\u00e9 &#8220; Ocelot &#8221; <\/span><\/td>\n<\/tr>\n<tr>\n<td><span style=\"font-weight: 400;\">DIMENSIONS<\/span><\/td>\n<td><span style=\"font-weight: 400;\">H100 L56 D16.4 (millim\u00e8tre)<\/span><\/td>\n<\/tr>\n<tr>\n<td><span style=\"font-weight: 400;\">COULEUR<\/span><\/td>\n<td><span style=\"font-weight: 400;\">Noir<\/span><\/td>\n<\/tr>\n<tr>\n<td><span style=\"font-weight: 400;\">VIE DE LA BATTERIE<\/span><\/td>\n<td><span style=\"font-weight: 400;\">10 heures<\/span><\/td>\n<\/tr>\n<tr>\n<td><span style=\"font-weight: 400;\">Chargeur Dethonray<\/span><\/td>\n<td><span style=\"font-weight: 400;\">9 volts (chargeur inclus EU ou UK)<\/span><\/td>\n<\/tr>\n<tr>\n<td><span style=\"font-weight: 400;\">LES SORTIES<\/span><\/td>\n<td><span style=\"font-weight: 400;\">Sortie ligne 3,5 mm et \u00e9couteurs 3,5 mm, casque<\/span><\/td>\n<\/tr>\n<tr>\n<td><span style=\"font-weight: 400;\">TAILLE<\/span><\/td>\n<td><span style=\"font-weight: 400;\">WAV \uff0c FLAC \uff0c WMA \uff0c MP3 \uff0c APE, AAC \uff0c ALAC \uff0c AIFF, DFF \/ DSF, OGG<\/span><\/td>\n<\/tr>\n<tr>\n<td><span style=\"font-weight: 400;\"> DSD<\/span><\/td>\n<td><span style=\"font-weight: 400;\">DSD64<\/span><\/td>\n<\/tr>\n<tr>\n<td><span style=\"font-weight: 400;\">TAUX D&#8217;\u00c9CHANTILLON PRIS EN CHARGE<\/span><\/td>\n<td><span style=\"font-weight: 400;\">44,1 \/ 48 \/ 88,2 \/ 96 \/ 176,4 \/ 192 kHz<\/span><\/td>\n<\/tr>\n<tr>\n<td><span style=\"font-weight: 400;\">CARTE MICRO SD PRIS EN CHARGE<\/span><\/td>\n<td><span style=\"font-weight: 400;\">2T<\/span><span style=\"font-weight: 400;\"> ExFat<\/span> <\/td>\n<\/tr>\n<tr>\n<td><span style=\"font-weight: 400;\">FR\u00c9QUENCE DE R\u00c9PONSE<\/span><\/td>\n<td><span style=\"font-weight: 400;\">20 Hz &#8211; 20 kHz<\/span><\/td>\n<\/tr>\n<tr>\n<td><span style=\"font-weight: 400;\">PERFORMANCE<\/span><\/td>\n<td><span style=\"font-weight: 400;\">SNR 117db<\/span><\/td>\n<\/tr>\n<tr>\n<td><span style=\"font-weight: 400;\"> <\/span><\/td>\n<td><span style=\"font-weight: 400;\">THD 0,008%<\/span><\/td>\n<\/tr>\n<tr>\n<td><span style=\"font-weight: 400;\">MAX. PUISSANCE DE SORTIE<\/span><\/td>\n<td><span style=\"font-weight: 400;\">1,7 V efficace + R \uff1a 1,7 V efficace + L (16 \u03a9)<\/span><\/td>\n<\/tr>\n<tr>\n<td><span style=\"font-weight: 400;\">Derni\u00e8re version<\/span><\/td>\n<td><span style=\"font-weight: 400;\">V 4.0 (voir support \/ micrologiciel \u00e0 t\u00e9l\u00e9charger) utilise la Micro SD format\u00e9e FAT32 pour les mises \u00e0 jour<\/span><\/td>\n<\/tr>\n<\/tbody>\n<\/table>\n<h3><span style=\"font-weight: 400;\">Qu&#8217;y a-t-il dans la boite<\/span><\/h3>\n<ul>\n<li style=\"font-weight: 400;\"><span style=\"font-weight: 400;\">Dethonray Prelude DTR1 DAP<\/span><\/li>\n<li style=\"font-weight: 400;\"><span style=\"font-weight: 400;\">Chargeur<\/span><\/li>\n<li style=\"font-weight: 400;\"><span style=\"font-weight: 400;\">Carte de visite du fondateur de DTR1<\/span><\/li>\n<li style=\"font-weight: 400;\"><span style=\"font-weight: 400;\">mode d&#8217;emploi<\/span><span style=\"font-weight: 400;\"> g<\/span><\/li>\n<\/ul>\n<p>&nbsp;<\/p>\n","protected":false},"excerpt":{"rendered":"<p>Le Dethonray DTR1 est con\u00e7u comme un lecteur audio num\u00e9rique (DAP) pur, minimaliste et parfait. L&#8217;\u00e9quipe de Dethonray a pris toutes ses d\u00e9cisions de conception pour obtenir le meilleur son possible dans un petit produit \u00e0 prix abordable. \u00c0 peu pr\u00e8s de la taille d&#8217;un pont et en aluminium. Facile \u00e0 transporter et ayez une &hellip;<\/p>\n<p class=\"read-more\"> <a class=\"\" href=\"https:\/\/dethonray.nl\/fr\/produit\/dethonray-dtr-1-prelude-2\"> <span class=\"screen-reader-text\">Dethonray DTR 1 Pr\u00e9lude<\/span> Lire la suite \u00bb<\/a><\/p>\n","protected":false},"featured_media":1757,"comment_status":"closed","ping_status":"closed","template":"","meta":{"site-sidebar-layout":"default","site-content-layout":"default","ast-site-content-layout":"","site-content-style":"default","site-sidebar-style":"default","ast-global-header-display":"","ast-banner-title-visibility":"","ast-main-header-display":"","ast-hfb-above-header-display":"","ast-hfb-below-header-display":"","ast-hfb-mobile-header-display":"","site-post-title":"","ast-breadcrumbs-content":"","ast-featured-img":"","footer-sml-layout":"","theme-transparent-header-meta":"default","adv-header-id-meta":"","stick-header-meta":"","header-above-stick-meta":"","header-main-stick-meta":"","header-below-stick-meta":"","astra-migrate-meta-layouts":"","ast-page-background-enabled":"default","ast-page-background-meta":{"desktop":{"background-color":"","background-image":"","background-repeat":"repeat","background-position":"center center","background-size":"auto","background-attachment":"scroll","background-type":"","background-media":"","overlay-type":"","overlay-color":"","overlay-gradient":""},"tablet":{"background-color":"","background-image":"","background-repeat":"repeat","background-position":"center center","background-size":"auto","background-attachment":"scroll","background-type":"","background-media":"","overlay-type":"","overlay-color":"","overlay-gradient":""},"mobile":{"background-color":"","background-image":"","background-repeat":"repeat","background-position":"center center","background-size":"auto","background-attachment":"scroll","background-type":"","background-media":"","overlay-type":"","overlay-color":"","overlay-gradient":""}},"ast-content-background-meta":{"desktop":{"background-color":"var(--ast-global-color-5)","background-image":"","background-repeat":"repeat","background-position":"center center","background-size":"auto","background-attachment":"scroll","background-type":"","background-media":"","overlay-type":"","overlay-color":"","overlay-gradient":""},"tablet":{"background-color":"var(--ast-global-color-5)","background-image":"","background-repeat":"repeat","background-position":"center center","background-size":"auto","background-attachment":"scroll","background-type":"","background-media":"","overlay-type":"","overlay-color":"","overlay-gradient":""},"mobile":{"background-color":"var(--ast-global-color-5)","background-image":"","background-repeat":"repeat","background-position":"center center","background-size":"auto","background-attachment":"scroll","background-type":"","background-media":"","overlay-type":"","overlay-color":"","overlay-gradient":""}}},"product_cat":[54],"product_tag":[],"yoast_head":"<!-- This site is optimized with the Yoast SEO plugin v21.4 - https:\/\/yoast.com\/wordpress\/plugins\/seo\/ -->\n<title>Dethonray - Dethonray DTR 1 Pr\u00e9lude<\/title>\n<meta name=\"description\" content=\"Le Dethonray DTR1 est un lecteur audio num\u00e9rique (DAP) pur, minimaliste et au son parfait. Destin\u00e9 aux amateurs de Head-Fi et aux audiophiles\" \/>\n<meta name=\"robots\" content=\"index, follow, max-snippet:-1, max-image-preview:large, max-video-preview:-1\" \/>\n<link rel=\"canonical\" href=\"https:\/\/dethonray.nl\/fr\/produit\/dethonray-dtr-1-prelude-2\" \/>\n<meta property=\"og:locale\" content=\"fr_FR\" \/>\n<meta property=\"og:type\" content=\"article\" \/>\n<meta property=\"og:title\" content=\"Dethonray - Dethonray DTR 1 Pr\u00e9lude\" \/>\n<meta property=\"og:description\" content=\"Le Dethonray DTR1 est un lecteur audio num\u00e9rique (DAP) pur, minimaliste et au son parfait. Destin\u00e9 aux amateurs de Head-Fi et aux audiophiles\" \/>\n<meta property=\"og:url\" content=\"https:\/\/dethonray.nl\/fr\/produit\/dethonray-dtr-1-prelude-2\" \/>\n<meta property=\"og:site_name\" content=\"Dethonray\" \/>\n<meta property=\"og:image\" content=\"https:\/\/dethonray.nl\/wp-content\/uploads\/2020\/10\/DTR-1-700x700-1.jpg\" \/>\n\t<meta property=\"og:image:width\" content=\"700\" \/>\n\t<meta property=\"og:image:height\" content=\"700\" \/>\n\t<meta property=\"og:image:type\" content=\"image\/jpeg\" \/>\n<meta name=\"twitter:card\" content=\"summary_large_image\" \/>\n<meta name=\"twitter:label1\" content=\"Dur\u00e9e de lecture estim\u00e9e\" \/>\n\t<meta name=\"twitter:data1\" content=\"2 minutes\" \/>\n<script type=\"application\/ld+json\" class=\"yoast-schema-graph\">{\"@context\":\"https:\/\/schema.org\",\"@graph\":[{\"@type\":[\"WebPage\",\"ItemPage\"],\"@id\":\"https:\/\/dethonray.nl\/fr\/produit\/dethonray-dtr-1-prelude-2\",\"url\":\"https:\/\/dethonray.nl\/fr\/produit\/dethonray-dtr-1-prelude-2\",\"name\":\"Dethonray - Dethonray DTR 1 Pr\u00e9lude\",\"isPartOf\":{\"@id\":\"https:\/\/dethonray.nl\/fr#website\"},\"datePublished\":\"2021-02-01T16:27:08+00:00\",\"dateModified\":\"2021-02-01T16:27:08+00:00\",\"description\":\"Le Dethonray DTR1 est un lecteur audio num\u00e9rique (DAP) pur, minimaliste et au son parfait. Destin\u00e9 aux amateurs de Head-Fi et aux audiophiles\",\"breadcrumb\":{\"@id\":\"https:\/\/dethonray.nl\/fr\/produit\/dethonray-dtr-1-prelude-2#breadcrumb\"},\"inLanguage\":\"fr-FR\",\"potentialAction\":[{\"@type\":\"ReadAction\",\"target\":[\"https:\/\/dethonray.nl\/fr\/produit\/dethonray-dtr-1-prelude-2\"]}]},{\"@type\":\"BreadcrumbList\",\"@id\":\"https:\/\/dethonray.nl\/fr\/produit\/dethonray-dtr-1-prelude-2#breadcrumb\",\"itemListElement\":[{\"@type\":\"ListItem\",\"position\":1,\"name\":\"Home\",\"item\":\"https:\/\/dethonray.nl\/fr\"},{\"@type\":\"ListItem\",\"position\":2,\"name\":\"Le magasin\",\"item\":\"https:\/\/dethonray.nl\/fr\/le-magasin\"},{\"@type\":\"ListItem\",\"position\":3,\"name\":\"Dethonray DTR 1 Pr\u00e9lude\"}]},{\"@type\":\"WebSite\",\"@id\":\"https:\/\/dethonray.nl\/fr#website\",\"url\":\"https:\/\/dethonray.nl\/fr\",\"name\":\"Dethonray\",\"description\":\"Bring Live back to music\",\"publisher\":{\"@id\":\"https:\/\/dethonray.nl\/fr#organization\"},\"potentialAction\":[{\"@type\":\"SearchAction\",\"target\":{\"@type\":\"EntryPoint\",\"urlTemplate\":\"https:\/\/dethonray.nl\/fr?s={search_term_string}\"},\"query-input\":\"required name=search_term_string\"}],\"inLanguage\":\"fr-FR\"},{\"@type\":\"Organization\",\"@id\":\"https:\/\/dethonray.nl\/fr#organization\",\"name\":\"Dethonray\",\"url\":\"https:\/\/dethonray.nl\/fr\",\"logo\":{\"@type\":\"ImageObject\",\"inLanguage\":\"fr-FR\",\"@id\":\"https:\/\/dethonray.nl\/fr#\/schema\/logo\/image\/\",\"url\":\"https:\/\/dethonray.nl\/wp-content\/uploads\/2020\/10\/DETHONRAY_LOGO-1101-1.png\",\"contentUrl\":\"https:\/\/dethonray.nl\/wp-content\/uploads\/2020\/10\/DETHONRAY_LOGO-1101-1.png\",\"width\":246,\"height\":149,\"caption\":\"Dethonray\"},\"image\":{\"@id\":\"https:\/\/dethonray.nl\/fr#\/schema\/logo\/image\/\"}}]}<\/script>\n<!-- \/ Yoast SEO plugin. -->","yoast_head_json":{"title":"Dethonray - Dethonray DTR 1 Pr\u00e9lude","description":"Le Dethonray DTR1 est un lecteur audio num\u00e9rique (DAP) pur, minimaliste et au son parfait. Destin\u00e9 aux amateurs de Head-Fi et aux audiophiles","robots":{"index":"index","follow":"follow","max-snippet":"max-snippet:-1","max-image-preview":"max-image-preview:large","max-video-preview":"max-video-preview:-1"},"canonical":"https:\/\/dethonray.nl\/fr\/produit\/dethonray-dtr-1-prelude-2","og_locale":"fr_FR","og_type":"article","og_title":"Dethonray - Dethonray DTR 1 Pr\u00e9lude","og_description":"Le Dethonray DTR1 est un lecteur audio num\u00e9rique (DAP) pur, minimaliste et au son parfait. Destin\u00e9 aux amateurs de Head-Fi et aux audiophiles","og_url":"https:\/\/dethonray.nl\/fr\/produit\/dethonray-dtr-1-prelude-2","og_site_name":"Dethonray","og_image":[{"width":700,"height":700,"url":"https:\/\/dethonray.nl\/wp-content\/uploads\/2020\/10\/DTR-1-700x700-1.jpg","type":"image\/jpeg"}],"twitter_card":"summary_large_image","twitter_misc":{"Dur\u00e9e de lecture estim\u00e9e":"2 minutes"},"schema":{"@context":"https:\/\/schema.org","@graph":[{"@type":["WebPage","ItemPage"],"@id":"https:\/\/dethonray.nl\/fr\/produit\/dethonray-dtr-1-prelude-2","url":"https:\/\/dethonray.nl\/fr\/produit\/dethonray-dtr-1-prelude-2","name":"Dethonray - Dethonray DTR 1 Pr\u00e9lude","isPartOf":{"@id":"https:\/\/dethonray.nl\/fr#website"},"datePublished":"2021-02-01T16:27:08+00:00","dateModified":"2021-02-01T16:27:08+00:00","description":"Le Dethonray DTR1 est un lecteur audio num\u00e9rique (DAP) pur, minimaliste et au son parfait. Destin\u00e9 aux amateurs de Head-Fi et aux audiophiles","breadcrumb":{"@id":"https:\/\/dethonray.nl\/fr\/produit\/dethonray-dtr-1-prelude-2#breadcrumb"},"inLanguage":"fr-FR","potentialAction":[{"@type":"ReadAction","target":["https:\/\/dethonray.nl\/fr\/produit\/dethonray-dtr-1-prelude-2"]}]},{"@type":"BreadcrumbList","@id":"https:\/\/dethonray.nl\/fr\/produit\/dethonray-dtr-1-prelude-2#breadcrumb","itemListElement":[{"@type":"ListItem","position":1,"name":"Home","item":"https:\/\/dethonray.nl\/fr"},{"@type":"ListItem","position":2,"name":"Le magasin","item":"https:\/\/dethonray.nl\/fr\/le-magasin"},{"@type":"ListItem","position":3,"name":"Dethonray DTR 1 Pr\u00e9lude"}]},{"@type":"WebSite","@id":"https:\/\/dethonray.nl\/fr#website","url":"https:\/\/dethonray.nl\/fr","name":"Dethonray","description":"Bring Live back to music","publisher":{"@id":"https:\/\/dethonray.nl\/fr#organization"},"potentialAction":[{"@type":"SearchAction","target":{"@type":"EntryPoint","urlTemplate":"https:\/\/dethonray.nl\/fr?s={search_term_string}"},"query-input":"required name=search_term_string"}],"inLanguage":"fr-FR"},{"@type":"Organization","@id":"https:\/\/dethonray.nl\/fr#organization","name":"Dethonray","url":"https:\/\/dethonray.nl\/fr","logo":{"@type":"ImageObject","inLanguage":"fr-FR","@id":"https:\/\/dethonray.nl\/fr#\/schema\/logo\/image\/","url":"https:\/\/dethonray.nl\/wp-content\/uploads\/2020\/10\/DETHONRAY_LOGO-1101-1.png","contentUrl":"https:\/\/dethonray.nl\/wp-content\/uploads\/2020\/10\/DETHONRAY_LOGO-1101-1.png","width":246,"height":149,"caption":"Dethonray"},"image":{"@id":"https:\/\/dethonray.nl\/fr#\/schema\/logo\/image\/"}}]}},"_links":{"self":[{"href":"https:\/\/dethonray.nl\/fr\/wp-json\/wp\/v2\/product\/1837"}],"collection":[{"href":"https:\/\/dethonray.nl\/fr\/wp-json\/wp\/v2\/product"}],"about":[{"href":"https:\/\/dethonray.nl\/fr\/wp-json\/wp\/v2\/types\/product"}],"replies":[{"embeddable":true,"href":"https:\/\/dethonray.nl\/fr\/wp-json\/wp\/v2\/comments?post=1837"}],"wp:featuredmedia":[{"embeddable":true,"href":"https:\/\/dethonray.nl\/fr\/wp-json\/wp\/v2\/media\/1757"}],"wp:attachment":[{"href":"https:\/\/dethonray.nl\/fr\/wp-json\/wp\/v2\/media?parent=1837"}],"wp:term":[{"taxonomy":"product_cat","embeddable":true,"href":"https:\/\/dethonray.nl\/fr\/wp-json\/wp\/v2\/product_cat?post=1837"},{"taxonomy":"product_tag","embeddable":true,"href":"https:\/\/dethonray.nl\/fr\/wp-json\/wp\/v2\/product_tag?post=1837"}],"curies":[{"name":"wp","href":"https:\/\/api.w.org\/{rel}","templated":true}]}}