{"id":1833,"date":"2020-09-29T16:49:06","date_gmt":"2021-02-01T16:25:20","guid":{"rendered":"https:\/\/dethonray.nl\/product\/dethonray-honey-h1"},"modified":"2021-02-01T18:25:20","modified_gmt":"2021-02-01T16:25:20","slug":"dethonray-honey-h1-2","status":"publish","type":"product","link":"https:\/\/dethonray.nl\/fr\/produit\/dethonray-honey-h1-2","title":{"rendered":"Dethonray Honey H1"},"content":{"rendered":"<p><span style=\"font-weight: 400;\">Le Dethonray Honey H1 est un DAC USB de haute qualit\u00e9 et un amplificateur de casque haut de gamme flexible. <\/span><\/p>\n<p><span style=\"font-weight: 400;\">Le format est portable et con\u00e7u pour une utilisation en d\u00e9placement ou sur un bureau \/ bureau. <\/span><\/p>\n<p><span style=\"font-weight: 400;\">Equip\u00e9 de sa propre batterie pour que l&#8217;alimentation fonctionne toujours au plus haut niveau avec l&#8217;amplificateur et le DAC USB. <\/span><\/p>\n<p><span style=\"font-weight: 400;\">La conception intelligente et les composants utilis\u00e9s rendent le Dethonray tr\u00e8s appropri\u00e9 pour les \u00abIn Ear Monitors\u00bb sensibles. <\/span><\/p>\n<p><span style=\"font-weight: 400;\">La grande puissance fait \u00e9galement du Dethonray l&#8217;amplificateur id\u00e9al pour les gros casques exigeants. <\/span><\/p>\n<p>&nbsp;<\/p>\n<table>\n<tbody>\n<tr>\n<td><span style=\"font-weight: 400;\">Logement <\/span><\/td>\n<td><span style=\"font-weight: 400;\">Aluminium CNC de haute qualit\u00e9 \/ bleu<\/span><\/td>\n<\/tr>\n<tr>\n<td><span style=\"font-weight: 400;\">Prise en charge<\/span><\/td>\n<td><span style=\"font-weight: 400;\">Android \/ iOS \/ Windows \/ Linux<\/span><\/td>\n<\/tr>\n<tr>\n<td><span style=\"font-weight: 400;\">DAC:<\/span><\/td>\n<td><span style=\"font-weight: 400;\">AKM AK4497<\/span><\/td>\n<\/tr>\n<tr>\n<td><span style=\"font-weight: 400;\">DSD:<\/span><\/td>\n<td><span style=\"font-weight: 400;\">DSD64 \/ DSD128<\/span><\/td>\n<\/tr>\n<tr>\n<td><span style=\"font-weight: 400;\">PCM:<\/span><\/td>\n<td><span style=\"font-weight: 400;\">16 bits \/ 44,1 Ko &#8211; 32 bits \/ 384 Ko<\/span><\/td>\n<\/tr>\n<tr>\n<td><span style=\"font-weight: 400;\">Capacit\u00e9 \/ puissance<\/span><\/td>\n<td><span style=\"font-weight: 400;\">Extr\u00e9mit\u00e9 unique: <\/span><b> <\/b><span style=\"font-weight: 400;\">6 Vrms (32 \u03a9)<\/span><\/p>\n<p><span style=\"font-weight: 400;\">\u00c9quilibr\u00e9: <\/span><span style=\"font-weight: 400;\"> <\/span><span style=\"font-weight: 400;\">6,2 Vrms (300 \u03a9)<\/span><\/td>\n<\/tr>\n<tr>\n<td><span style=\"font-weight: 400;\">Performance <\/span><\/td>\n<td><span style=\"font-weight: 400;\">THD:<\/span><span style=\"font-weight: 400;\"><span style=\"font-weight: 400;\"> 0,008% \/<\/span><span style=\"font-weight: 400;\"> SNR:<\/span><span style=\"font-weight: 400;\"> 116 dB<\/span><\/span><\/td>\n<\/tr>\n<tr>\n<td><span style=\"font-weight: 400;\">Gamme de fr\u00e9quences:<\/span><\/td>\n<td><span style=\"font-weight: 400;\">20 Hz &#8211; 20 kHz<\/span><\/td>\n<\/tr>\n<tr>\n<td><span style=\"font-weight: 400;\">Batterie:<\/span><\/td>\n<td><span style=\"font-weight: 400;\">5300 mAH<\/span><\/td>\n<\/tr>\n<tr>\n<td><span style=\"font-weight: 400;\">Temps de lecture de la batterie:<\/span><\/td>\n<td><span style=\"font-weight: 400;\">3,5 mm 10 heures \/ 4,4 mm 8 heures<\/span><\/td>\n<\/tr>\n<tr>\n<td><span style=\"font-weight: 400;\">Temps de charge de la batterie<\/span><\/td>\n<td><span style=\"font-weight: 400;\">5V 2A \/ 3,5 heures avec USB-C<\/span><\/td>\n<\/tr>\n<tr>\n<td><span style=\"font-weight: 400;\">Bluetooth:<\/span><\/td>\n<td><span style=\"font-weight: 400;\">non<\/span><\/td>\n<\/tr>\n<tr>\n<td><span style=\"font-weight: 400;\">Contributions:<\/span><\/td>\n<td><span style=\"font-weight: 400;\">1 x USB-C <\/span><\/td>\n<\/tr>\n<tr>\n<td><span style=\"font-weight: 400;\">Les sorties:<\/span><\/td>\n<td><span style=\"font-weight: 400;\">1 x ligne 3,5 mm, 1 x optique<\/span><\/td>\n<\/tr>\n<tr>\n<td><span style=\"font-weight: 400;\">Sortie casque:<\/span><\/td>\n<td><span style=\"font-weight: 400;\">1 x casque 3,5 mm, 1 x casque 4,4 mm (sym\u00e9trique)<\/span><\/td>\n<\/tr>\n<tr>\n<td><span style=\"font-weight: 400;\">Dimensions:<\/span><\/td>\n<td><span style=\"font-weight: 400;\">137 x 70 x 19 mm<\/span><\/td>\n<\/tr>\n<tr>\n<td><span style=\"font-weight: 400;\">Poids:<\/span><\/td>\n<td><span style=\"font-weight: 400;\">256g grammes<\/span><\/td>\n<\/tr>\n<tr>\n<td><\/td>\n<td><\/td>\n<\/tr>\n<tr>\n<td><\/td>\n<td><\/td>\n<\/tr>\n<\/tbody>\n<\/table>\n<p>&nbsp;<\/p>\n<p>&nbsp;<\/p>\n<p>&nbsp;<\/p>\n","protected":false},"excerpt":{"rendered":"<p><script type=\"application\/ld+json\">\n{\n  \"@context\": \"https:\/\/schema.org\/\",\n  \"@type\": \"Product\",\n  \"name\": \"Dethonray Honey H1\",\n  \"image\": \"https:\/\/dethonray.nl\/wp-content\/uploads\/2020\/10\/dethonray-honey-h1.jpg\",\n  \"description\": \"Dethonray Honey H1 is een hoogwaardige USB DAC en flexibele High End Hoofdtelefoonversterker.   Het formaat is portable en ontworpen voor gebruik onderweg of op een desk \/ bureau.\",\n  \"brand\": \"Dethonray\",\n  \"sku\": \"DETHTONRAYH-1\",\n  \"offers\": {\n    \"@type\": \"Offer\",\n    \"url\": \"https:\/\/dethonray.nl\/product\/dethonray-honey-h1\/\",\n    \"priceCurrency\": \"EUR\",\n    \"price\": \"580\",\n    \"priceValidUntil\": \"2020-10-31\",\n    \"availability\": \"https:\/\/schema.org\/InStock\",\n    \"itemCondition\": \"https:\/\/schema.org\/NewCondition\"\n  }\n}\n<\/script><br \/>\n<span style=\"font-weight: 400;\">Le Dethonray Honey H1 est con\u00e7u comme une combinaison id\u00e9ale avec un smartphone ou un PC \/ MAC de bureau. <\/span><span style=\"font-weight: 400;\">Avec l&#8217;entr\u00e9e USB-C, il s&#8217;agit d&#8217;un DAC USB et d&#8217;un amplificateur de casque. <\/span><\/p>\n<p><span style=\"font-weight: 400;\">\u00c9quip\u00e9 d&#8217;une sortie asym\u00e9trique de 3,5 mm couramment utilis\u00e9e et d&#8217;une sortie sym\u00e9trique de 4,4 mm (Pentaconn TRRRS). <\/span><\/p>\n","protected":false},"featured_media":1834,"comment_status":"closed","ping_status":"closed","template":"","meta":{"site-sidebar-layout":"default","site-content-layout":"default","ast-site-content-layout":"","site-content-style":"default","site-sidebar-style":"default","ast-global-header-display":"","ast-banner-title-visibility":"","ast-main-header-display":"","ast-hfb-above-header-display":"","ast-hfb-below-header-display":"","ast-hfb-mobile-header-display":"","site-post-title":"","ast-breadcrumbs-content":"","ast-featured-img":"","footer-sml-layout":"","theme-transparent-header-meta":"default","adv-header-id-meta":"","stick-header-meta":"","header-above-stick-meta":"","header-main-stick-meta":"","header-below-stick-meta":"","astra-migrate-meta-layouts":"","ast-page-background-enabled":"default","ast-page-background-meta":{"desktop":{"background-color":"","background-image":"","background-repeat":"repeat","background-position":"center center","background-size":"auto","background-attachment":"scroll","background-type":"","background-media":"","overlay-type":"","overlay-color":"","overlay-gradient":""},"tablet":{"background-color":"","background-image":"","background-repeat":"repeat","background-position":"center center","background-size":"auto","background-attachment":"scroll","background-type":"","background-media":"","overlay-type":"","overlay-color":"","overlay-gradient":""},"mobile":{"background-color":"","background-image":"","background-repeat":"repeat","background-position":"center center","background-size":"auto","background-attachment":"scroll","background-type":"","background-media":"","overlay-type":"","overlay-color":"","overlay-gradient":""}},"ast-content-background-meta":{"desktop":{"background-color":"var(--ast-global-color-5)","background-image":"","background-repeat":"repeat","background-position":"center center","background-size":"auto","background-attachment":"scroll","background-type":"","background-media":"","overlay-type":"","overlay-color":"","overlay-gradient":""},"tablet":{"background-color":"var(--ast-global-color-5)","background-image":"","background-repeat":"repeat","background-position":"center center","background-size":"auto","background-attachment":"scroll","background-type":"","background-media":"","overlay-type":"","overlay-color":"","overlay-gradient":""},"mobile":{"background-color":"var(--ast-global-color-5)","background-image":"","background-repeat":"repeat","background-position":"center center","background-size":"auto","background-attachment":"scroll","background-type":"","background-media":"","overlay-type":"","overlay-color":"","overlay-gradient":""}}},"product_cat":[52,53],"product_tag":[],"yoast_head":"<!-- This site is optimized with the Yoast SEO plugin v21.4 - https:\/\/yoast.com\/wordpress\/plugins\/seo\/ -->\n<title>Dethonray - Dethonray Honey H1<\/title>\n<meta name=\"robots\" content=\"index, follow, max-snippet:-1, max-image-preview:large, max-video-preview:-1\" \/>\n<link rel=\"canonical\" href=\"https:\/\/dethonray.nl\/fr\/produit\/dethonray-honey-h1-2\" \/>\n<meta property=\"og:locale\" content=\"fr_FR\" \/>\n<meta property=\"og:type\" content=\"article\" \/>\n<meta property=\"og:title\" content=\"Dethonray - Dethonray Honey H1\" \/>\n<meta property=\"og:description\" content=\"Le Dethonray Honey H1 est con\u00e7u comme une combinaison id\u00e9ale avec un smartphone ou un PC \/ MAC de bureau. Avec l&#039;entr\u00e9e USB-C, il s&#039;agit d&#039;un DAC USB et d&#039;un amplificateur de casque.  \u00c9quip\u00e9 d&#039;une sortie asym\u00e9trique de 3,5 mm couramment utilis\u00e9e et d&#039;une sortie sym\u00e9trique de 4,4 mm (Pentaconn TRRRS).\" \/>\n<meta property=\"og:url\" content=\"https:\/\/dethonray.nl\/fr\/produit\/dethonray-honey-h1-2\" \/>\n<meta property=\"og:site_name\" content=\"Dethonray\" \/>\n<meta property=\"og:image\" content=\"https:\/\/dethonray.nl\/wp-content\/uploads\/2020\/10\/dethonray-honey-h1.jpg\" \/>\n\t<meta property=\"og:image:width\" content=\"1920\" \/>\n\t<meta property=\"og:image:height\" content=\"1080\" \/>\n\t<meta property=\"og:image:type\" content=\"image\/jpeg\" \/>\n<meta name=\"twitter:card\" content=\"summary_large_image\" \/>\n<meta name=\"twitter:label1\" content=\"Dur\u00e9e de lecture estim\u00e9e\" \/>\n\t<meta name=\"twitter:data1\" content=\"1 minute\" \/>\n<script type=\"application\/ld+json\" class=\"yoast-schema-graph\">{\"@context\":\"https:\/\/schema.org\",\"@graph\":[{\"@type\":[\"WebPage\",\"ItemPage\"],\"@id\":\"https:\/\/dethonray.nl\/fr\/produit\/dethonray-honey-h1-2\",\"url\":\"https:\/\/dethonray.nl\/fr\/produit\/dethonray-honey-h1-2\",\"name\":\"Dethonray - Dethonray Honey H1\",\"isPartOf\":{\"@id\":\"https:\/\/dethonray.nl\/fr#website\"},\"datePublished\":\"2021-02-01T16:25:20+00:00\",\"dateModified\":\"2021-02-01T16:25:20+00:00\",\"breadcrumb\":{\"@id\":\"https:\/\/dethonray.nl\/fr\/produit\/dethonray-honey-h1-2#breadcrumb\"},\"inLanguage\":\"fr-FR\",\"potentialAction\":[{\"@type\":\"ReadAction\",\"target\":[\"https:\/\/dethonray.nl\/fr\/produit\/dethonray-honey-h1-2\"]}]},{\"@type\":\"BreadcrumbList\",\"@id\":\"https:\/\/dethonray.nl\/fr\/produit\/dethonray-honey-h1-2#breadcrumb\",\"itemListElement\":[{\"@type\":\"ListItem\",\"position\":1,\"name\":\"Home\",\"item\":\"https:\/\/dethonray.nl\/fr\"},{\"@type\":\"ListItem\",\"position\":2,\"name\":\"Le magasin\",\"item\":\"https:\/\/dethonray.nl\/fr\/le-magasin\"},{\"@type\":\"ListItem\",\"position\":3,\"name\":\"Dethonray Honey H1\"}]},{\"@type\":\"WebSite\",\"@id\":\"https:\/\/dethonray.nl\/fr#website\",\"url\":\"https:\/\/dethonray.nl\/fr\",\"name\":\"Dethonray\",\"description\":\"Bring Live back to music\",\"publisher\":{\"@id\":\"https:\/\/dethonray.nl\/fr#organization\"},\"potentialAction\":[{\"@type\":\"SearchAction\",\"target\":{\"@type\":\"EntryPoint\",\"urlTemplate\":\"https:\/\/dethonray.nl\/fr?s={search_term_string}\"},\"query-input\":\"required name=search_term_string\"}],\"inLanguage\":\"fr-FR\"},{\"@type\":\"Organization\",\"@id\":\"https:\/\/dethonray.nl\/fr#organization\",\"name\":\"Dethonray\",\"url\":\"https:\/\/dethonray.nl\/fr\",\"logo\":{\"@type\":\"ImageObject\",\"inLanguage\":\"fr-FR\",\"@id\":\"https:\/\/dethonray.nl\/fr#\/schema\/logo\/image\/\",\"url\":\"https:\/\/dethonray.nl\/wp-content\/uploads\/2020\/10\/DETHONRAY_LOGO-1101-1.png\",\"contentUrl\":\"https:\/\/dethonray.nl\/wp-content\/uploads\/2020\/10\/DETHONRAY_LOGO-1101-1.png\",\"width\":246,\"height\":149,\"caption\":\"Dethonray\"},\"image\":{\"@id\":\"https:\/\/dethonray.nl\/fr#\/schema\/logo\/image\/\"}}]}<\/script>\n<!-- \/ Yoast SEO plugin. -->","yoast_head_json":{"title":"Dethonray - Dethonray Honey H1","robots":{"index":"index","follow":"follow","max-snippet":"max-snippet:-1","max-image-preview":"max-image-preview:large","max-video-preview":"max-video-preview:-1"},"canonical":"https:\/\/dethonray.nl\/fr\/produit\/dethonray-honey-h1-2","og_locale":"fr_FR","og_type":"article","og_title":"Dethonray - Dethonray Honey H1","og_description":"Le Dethonray Honey H1 est con\u00e7u comme une combinaison id\u00e9ale avec un smartphone ou un PC \/ MAC de bureau. Avec l'entr\u00e9e USB-C, il s'agit d'un DAC USB et d'un amplificateur de casque.  \u00c9quip\u00e9 d'une sortie asym\u00e9trique de 3,5 mm couramment utilis\u00e9e et d'une sortie sym\u00e9trique de 4,4 mm (Pentaconn TRRRS).","og_url":"https:\/\/dethonray.nl\/fr\/produit\/dethonray-honey-h1-2","og_site_name":"Dethonray","og_image":[{"width":1920,"height":1080,"url":"https:\/\/dethonray.nl\/wp-content\/uploads\/2020\/10\/dethonray-honey-h1.jpg","type":"image\/jpeg"}],"twitter_card":"summary_large_image","twitter_misc":{"Dur\u00e9e de lecture estim\u00e9e":"1 minute"},"schema":{"@context":"https:\/\/schema.org","@graph":[{"@type":["WebPage","ItemPage"],"@id":"https:\/\/dethonray.nl\/fr\/produit\/dethonray-honey-h1-2","url":"https:\/\/dethonray.nl\/fr\/produit\/dethonray-honey-h1-2","name":"Dethonray - Dethonray Honey H1","isPartOf":{"@id":"https:\/\/dethonray.nl\/fr#website"},"datePublished":"2021-02-01T16:25:20+00:00","dateModified":"2021-02-01T16:25:20+00:00","breadcrumb":{"@id":"https:\/\/dethonray.nl\/fr\/produit\/dethonray-honey-h1-2#breadcrumb"},"inLanguage":"fr-FR","potentialAction":[{"@type":"ReadAction","target":["https:\/\/dethonray.nl\/fr\/produit\/dethonray-honey-h1-2"]}]},{"@type":"BreadcrumbList","@id":"https:\/\/dethonray.nl\/fr\/produit\/dethonray-honey-h1-2#breadcrumb","itemListElement":[{"@type":"ListItem","position":1,"name":"Home","item":"https:\/\/dethonray.nl\/fr"},{"@type":"ListItem","position":2,"name":"Le magasin","item":"https:\/\/dethonray.nl\/fr\/le-magasin"},{"@type":"ListItem","position":3,"name":"Dethonray Honey H1"}]},{"@type":"WebSite","@id":"https:\/\/dethonray.nl\/fr#website","url":"https:\/\/dethonray.nl\/fr","name":"Dethonray","description":"Bring Live back to music","publisher":{"@id":"https:\/\/dethonray.nl\/fr#organization"},"potentialAction":[{"@type":"SearchAction","target":{"@type":"EntryPoint","urlTemplate":"https:\/\/dethonray.nl\/fr?s={search_term_string}"},"query-input":"required name=search_term_string"}],"inLanguage":"fr-FR"},{"@type":"Organization","@id":"https:\/\/dethonray.nl\/fr#organization","name":"Dethonray","url":"https:\/\/dethonray.nl\/fr","logo":{"@type":"ImageObject","inLanguage":"fr-FR","@id":"https:\/\/dethonray.nl\/fr#\/schema\/logo\/image\/","url":"https:\/\/dethonray.nl\/wp-content\/uploads\/2020\/10\/DETHONRAY_LOGO-1101-1.png","contentUrl":"https:\/\/dethonray.nl\/wp-content\/uploads\/2020\/10\/DETHONRAY_LOGO-1101-1.png","width":246,"height":149,"caption":"Dethonray"},"image":{"@id":"https:\/\/dethonray.nl\/fr#\/schema\/logo\/image\/"}}]}},"_links":{"self":[{"href":"https:\/\/dethonray.nl\/fr\/wp-json\/wp\/v2\/product\/1833"}],"collection":[{"href":"https:\/\/dethonray.nl\/fr\/wp-json\/wp\/v2\/product"}],"about":[{"href":"https:\/\/dethonray.nl\/fr\/wp-json\/wp\/v2\/types\/product"}],"replies":[{"embeddable":true,"href":"https:\/\/dethonray.nl\/fr\/wp-json\/wp\/v2\/comments?post=1833"}],"wp:featuredmedia":[{"embeddable":true,"href":"https:\/\/dethonray.nl\/fr\/wp-json\/wp\/v2\/media\/1834"}],"wp:attachment":[{"href":"https:\/\/dethonray.nl\/fr\/wp-json\/wp\/v2\/media?parent=1833"}],"wp:term":[{"taxonomy":"product_cat","embeddable":true,"href":"https:\/\/dethonray.nl\/fr\/wp-json\/wp\/v2\/product_cat?post=1833"},{"taxonomy":"product_tag","embeddable":true,"href":"https:\/\/dethonray.nl\/fr\/wp-json\/wp\/v2\/product_tag?post=1833"}],"curies":[{"name":"wp","href":"https:\/\/api.w.org\/{rel}","templated":true}]}}