{"id":1824,"date":"2021-02-01T16:57:24","date_gmt":"2021-02-01T14:57:24","guid":{"rendered":"https:\/\/dethonray.nl\/soutien"},"modified":"2021-02-01T18:25:42","modified_gmt":"2021-02-01T16:25:42","slug":"soutien","status":"publish","type":"page","link":"https:\/\/dethonray.nl\/fr\/soutien","title":{"rendered":"Soutien"},"content":{"rendered":"\t\t<div data-elementor-type=\"wp-page\" data-elementor-id=\"1824\" class=\"elementor elementor-1824 elementor-1154\">\n\t\t\t\t\t\t\t\t\t<section class=\"elementor-section elementor-top-section elementor-element elementor-element-12e34a60 elementor-section-content-middle elementor-section-boxed elementor-section-height-default elementor-section-height-default\" data-id=\"12e34a60\" data-element_type=\"section\">\n\t\t\t\t\t\t<div class=\"elementor-container elementor-column-gap-no\">\n\t\t\t\t\t<div class=\"elementor-column elementor-col-100 elementor-top-column elementor-element elementor-element-1f2d18ab\" data-id=\"1f2d18ab\" data-element_type=\"column\">\n\t\t\t<div class=\"elementor-widget-wrap elementor-element-populated\">\n\t\t\t\t\t\t\t\t<div class=\"elementor-element elementor-element-455c9e03 elementor-widget elementor-widget-heading\" data-id=\"455c9e03\" data-element_type=\"widget\" data-widget_type=\"heading.default\">\n\t\t\t\t<div class=\"elementor-widget-container\">\n\t\t\t<h2 class=\"elementor-heading-title elementor-size-default\">Soutien<\/h2>\t\t<\/div>\n\t\t\t\t<\/div>\n\t\t\t\t<div class=\"elementor-element elementor-element-ddd289e elementor-widget elementor-widget-text-editor\" data-id=\"ddd289e\" data-element_type=\"widget\" data-widget_type=\"text-editor.default\">\n\t\t\t\t<div class=\"elementor-widget-container\">\n\t\t\t\t\t\t\t<p>Lorem ipsum dolor sit amet, consectetur adipiscing elit. Ut elit tellus, luctus nec ullamcorper mattis, pulvinar dapibus leo.<\/p>\t\t\t\t\t\t<\/div>\n\t\t\t\t<\/div>\n\t\t\t\t<section class=\"elementor-section elementor-inner-section elementor-element elementor-element-41b8946c elementor-section-boxed elementor-section-height-default elementor-section-height-default\" data-id=\"41b8946c\" data-element_type=\"section\">\n\t\t\t\t\t\t<div class=\"elementor-container elementor-column-gap-wider\">\n\t\t\t\t\t<div class=\"elementor-column elementor-col-33 elementor-inner-column elementor-element elementor-element-59bd60a3\" data-id=\"59bd60a3\" data-element_type=\"column\">\n\t\t\t<div class=\"elementor-widget-wrap elementor-element-populated\">\n\t\t\t\t\t\t\t\t<div class=\"elementor-element elementor-element-1d64e3d0 elementor-widget elementor-widget-icon-box\" data-id=\"1d64e3d0\" data-element_type=\"widget\" data-widget_type=\"icon-box.default\">\n\t\t\t\t<div class=\"elementor-widget-container\">\n\t\t\t\t\t<div class=\"elementor-icon-box-wrapper\">\n\t\t\t\t\t\t<div class=\"elementor-icon-box-content\">\n\t\t\t\t<h3 class=\"elementor-icon-box-title\">\n\t\t\t\t\t<a href=\"https:\/\/dethonray.nl\/fr\/faq\" >\n\t\t\t\t\t\tFAQ\t\t\t\t\t<\/a>\n\t\t\t\t<\/h3>\n\t\t\t\t\t\t\t\t\t<p class=\"elementor-icon-box-description\">\n\t\t\t\t\t\tVisitez notre page de questions fr\u00e9quemment pos\u00e9es pour obtenir des r\u00e9ponses.\t\t\t\t\t<\/p>\n\t\t\t\t\t\t\t<\/div>\n\t\t<\/div>\n\t\t\t\t<\/div>\n\t\t\t\t<\/div>\n\t\t\t\t\t<\/div>\n\t\t<\/div>\n\t\t\t\t<div class=\"elementor-column elementor-col-33 elementor-inner-column elementor-element elementor-element-6f3511fb\" data-id=\"6f3511fb\" data-element_type=\"column\">\n\t\t\t<div class=\"elementor-widget-wrap elementor-element-populated\">\n\t\t\t\t\t\t\t\t<div class=\"elementor-element elementor-element-486340de elementor-widget elementor-widget-icon-box\" data-id=\"486340de\" data-element_type=\"widget\" data-widget_type=\"icon-box.default\">\n\t\t\t\t<div class=\"elementor-widget-container\">\n\t\t\t\t\t<div class=\"elementor-icon-box-wrapper\">\n\t\t\t\t\t\t<div class=\"elementor-icon-box-content\">\n\t\t\t\t<h3 class=\"elementor-icon-box-title\">\n\t\t\t\t\t<a href=\"https:\/\/dethonray.nl\/firmware-updates\" >\n\t\t\t\t\t\tMises \u00e0 jour du firmware\t\t\t\t\t<\/a>\n\t\t\t\t<\/h3>\n\t\t\t\t\t\t\t\t\t<p class=\"elementor-icon-box-description\">\n\t\t\t\t\t\tVisitez notre page avec les mises \u00e0 jour de Firmware pour mettre \u00e0 jour votre appareil Dethonray.\t\t\t\t\t<\/p>\n\t\t\t\t\t\t\t<\/div>\n\t\t<\/div>\n\t\t\t\t<\/div>\n\t\t\t\t<\/div>\n\t\t\t\t\t<\/div>\n\t\t<\/div>\n\t\t\t\t<div class=\"elementor-column elementor-col-33 elementor-inner-column elementor-element elementor-element-3c80115e\" data-id=\"3c80115e\" data-element_type=\"column\">\n\t\t\t<div class=\"elementor-widget-wrap elementor-element-populated\">\n\t\t\t\t\t\t\t\t<div class=\"elementor-element elementor-element-24fa90f4 elementor-widget elementor-widget-icon-box\" data-id=\"24fa90f4\" data-element_type=\"widget\" data-widget_type=\"icon-box.default\">\n\t\t\t\t<div class=\"elementor-widget-container\">\n\t\t\t\t\t<div class=\"elementor-icon-box-wrapper\">\n\t\t\t\t\t\t<div class=\"elementor-icon-box-content\">\n\t\t\t\t<h3 class=\"elementor-icon-box-title\">\n\t\t\t\t\t<a href=\"https:\/\/dethonray.nl\/contact-us\/\" >\n\t\t\t\t\t\tContact\t\t\t\t\t<\/a>\n\t\t\t\t<\/h3>\n\t\t\t\t\t\t\t\t\t<p class=\"elementor-icon-box-description\">\n\t\t\t\t\t\tVous ne trouvez pas de r\u00e9ponse \u00e0 vos questions sur notre page FAQ ou sur les mises \u00e0 jour du firmware? N'h\u00e9sitez pas \u00e0 nous contacter!\t\t\t\t\t<\/p>\n\t\t\t\t\t\t\t<\/div>\n\t\t<\/div>\n\t\t\t\t<\/div>\n\t\t\t\t<\/div>\n\t\t\t\t\t<\/div>\n\t\t<\/div>\n\t\t\t\t\t\t\t<\/div>\n\t\t<\/section>\n\t\t\t\t\t<\/div>\n\t\t<\/div>\n\t\t\t\t\t\t\t<\/div>\n\t\t<\/section>\n\t\t\t\t\t\t\t<\/div>\n\t\t","protected":false},"excerpt":{"rendered":"<p>Soutien Lorem ipsum dolor sit amet, consectetur adipiscing elit. Ut elit tellus, luctus nec ullamcorper mattis, pulvinar dapibus leo. FAQ Visitez notre page de questions fr\u00e9quemment pos\u00e9es pour obtenir des r\u00e9ponses. Mises \u00e0 jour du firmware Visitez notre page avec les mises \u00e0 jour de Firmware pour mettre \u00e0 jour votre appareil Dethonray. Contact Vous &hellip;<\/p>\n<p class=\"read-more\"> <a class=\"\" href=\"https:\/\/dethonray.nl\/fr\/soutien\"> <span class=\"screen-reader-text\">Soutien<\/span> Lire la suite \u00bb<\/a><\/p>\n","protected":false},"author":1,"featured_media":0,"parent":0,"menu_order":0,"comment_status":"closed","ping_status":"closed","template":"","meta":{"site-sidebar-layout":"no-sidebar","site-content-layout":"page-builder","ast-site-content-layout":"","site-content-style":"default","site-sidebar-style":"default","ast-global-header-display":"","ast-banner-title-visibility":"","ast-main-header-display":"","ast-hfb-above-header-display":"","ast-hfb-below-header-display":"","ast-hfb-mobile-header-display":"","site-post-title":"disabled","ast-breadcrumbs-content":"","ast-featured-img":"disabled","footer-sml-layout":"","theme-transparent-header-meta":"default","adv-header-id-meta":"","stick-header-meta":"","header-above-stick-meta":"","header-main-stick-meta":"","header-below-stick-meta":"","astra-migrate-meta-layouts":"","ast-page-background-enabled":"default","ast-page-background-meta":{"desktop":{"background-color":"","background-image":"","background-repeat":"repeat","background-position":"center center","background-size":"auto","background-attachment":"scroll","background-type":"","background-media":"","overlay-type":"","overlay-color":"","overlay-gradient":""},"tablet":{"background-color":"","background-image":"","background-repeat":"repeat","background-position":"center center","background-size":"auto","background-attachment":"scroll","background-type":"","background-media":"","overlay-type":"","overlay-color":"","overlay-gradient":""},"mobile":{"background-color":"","background-image":"","background-repeat":"repeat","background-position":"center center","background-size":"auto","background-attachment":"scroll","background-type":"","background-media":"","overlay-type":"","overlay-color":"","overlay-gradient":""}},"ast-content-background-meta":{"desktop":{"background-color":"var(--ast-global-color-5)","background-image":"","background-repeat":"repeat","background-position":"center center","background-size":"auto","background-attachment":"scroll","background-type":"","background-media":"","overlay-type":"","overlay-color":"","overlay-gradient":""},"tablet":{"background-color":"var(--ast-global-color-5)","background-image":"","background-repeat":"repeat","background-position":"center center","background-size":"auto","background-attachment":"scroll","background-type":"","background-media":"","overlay-type":"","overlay-color":"","overlay-gradient":""},"mobile":{"background-color":"var(--ast-global-color-5)","background-image":"","background-repeat":"repeat","background-position":"center center","background-size":"auto","background-attachment":"scroll","background-type":"","background-media":"","overlay-type":"","overlay-color":"","overlay-gradient":""}},"footnotes":""},"yoast_head":"<!-- This site is optimized with the Yoast SEO plugin v21.4 - https:\/\/yoast.com\/wordpress\/plugins\/seo\/ -->\n<title>Dethonray - Soutien<\/title>\n<meta name=\"robots\" content=\"index, follow, max-snippet:-1, max-image-preview:large, max-video-preview:-1\" \/>\n<link rel=\"canonical\" href=\"https:\/\/dethonray.nl\/fr\/soutien\" \/>\n<meta property=\"og:locale\" content=\"fr_FR\" \/>\n<meta property=\"og:type\" content=\"article\" \/>\n<meta property=\"og:title\" content=\"Dethonray - Soutien\" \/>\n<meta property=\"og:description\" content=\"Soutien Lorem ipsum dolor sit amet, consectetur adipiscing elit. Ut elit tellus, luctus nec ullamcorper mattis, pulvinar dapibus leo. FAQ Visitez notre page de questions fr\u00e9quemment pos\u00e9es pour obtenir des r\u00e9ponses. Mises \u00e0 jour du firmware Visitez notre page avec les mises \u00e0 jour de Firmware pour mettre \u00e0 jour votre appareil Dethonray. Contact Vous &hellip; Soutien Lire la suite \u00bb\" \/>\n<meta property=\"og:url\" content=\"https:\/\/dethonray.nl\/fr\/soutien\" \/>\n<meta property=\"og:site_name\" content=\"Dethonray\" \/>\n<meta property=\"article:modified_time\" content=\"2021-02-01T16:25:42+00:00\" \/>\n<meta name=\"twitter:card\" content=\"summary_large_image\" \/>\n<script type=\"application\/ld+json\" class=\"yoast-schema-graph\">{\"@context\":\"https:\/\/schema.org\",\"@graph\":[{\"@type\":\"WebPage\",\"@id\":\"https:\/\/dethonray.nl\/fr\/soutien\",\"url\":\"https:\/\/dethonray.nl\/fr\/soutien\",\"name\":\"Dethonray - Soutien\",\"isPartOf\":{\"@id\":\"https:\/\/dethonray.nl\/fr#website\"},\"datePublished\":\"2021-02-01T14:57:24+00:00\",\"dateModified\":\"2021-02-01T16:25:42+00:00\",\"breadcrumb\":{\"@id\":\"https:\/\/dethonray.nl\/fr\/soutien#breadcrumb\"},\"inLanguage\":\"fr-FR\",\"potentialAction\":[{\"@type\":\"ReadAction\",\"target\":[\"https:\/\/dethonray.nl\/fr\/soutien\"]}]},{\"@type\":\"BreadcrumbList\",\"@id\":\"https:\/\/dethonray.nl\/fr\/soutien#breadcrumb\",\"itemListElement\":[{\"@type\":\"ListItem\",\"position\":1,\"name\":\"Home\",\"item\":\"https:\/\/dethonray.nl\/fr\"},{\"@type\":\"ListItem\",\"position\":2,\"name\":\"Soutien\"}]},{\"@type\":\"WebSite\",\"@id\":\"https:\/\/dethonray.nl\/fr#website\",\"url\":\"https:\/\/dethonray.nl\/fr\",\"name\":\"Dethonray\",\"description\":\"Bring Live back to music\",\"publisher\":{\"@id\":\"https:\/\/dethonray.nl\/fr#organization\"},\"potentialAction\":[{\"@type\":\"SearchAction\",\"target\":{\"@type\":\"EntryPoint\",\"urlTemplate\":\"https:\/\/dethonray.nl\/fr?s={search_term_string}\"},\"query-input\":\"required name=search_term_string\"}],\"inLanguage\":\"fr-FR\"},{\"@type\":\"Organization\",\"@id\":\"https:\/\/dethonray.nl\/fr#organization\",\"name\":\"Dethonray\",\"url\":\"https:\/\/dethonray.nl\/fr\",\"logo\":{\"@type\":\"ImageObject\",\"inLanguage\":\"fr-FR\",\"@id\":\"https:\/\/dethonray.nl\/fr#\/schema\/logo\/image\/\",\"url\":\"https:\/\/dethonray.nl\/wp-content\/uploads\/2020\/10\/DETHONRAY_LOGO-1101-1.png\",\"contentUrl\":\"https:\/\/dethonray.nl\/wp-content\/uploads\/2020\/10\/DETHONRAY_LOGO-1101-1.png\",\"width\":246,\"height\":149,\"caption\":\"Dethonray\"},\"image\":{\"@id\":\"https:\/\/dethonray.nl\/fr#\/schema\/logo\/image\/\"}}]}<\/script>\n<!-- \/ Yoast SEO plugin. -->","yoast_head_json":{"title":"Dethonray - Soutien","robots":{"index":"index","follow":"follow","max-snippet":"max-snippet:-1","max-image-preview":"max-image-preview:large","max-video-preview":"max-video-preview:-1"},"canonical":"https:\/\/dethonray.nl\/fr\/soutien","og_locale":"fr_FR","og_type":"article","og_title":"Dethonray - Soutien","og_description":"Soutien Lorem ipsum dolor sit amet, consectetur adipiscing elit. Ut elit tellus, luctus nec ullamcorper mattis, pulvinar dapibus leo. FAQ Visitez notre page de questions fr\u00e9quemment pos\u00e9es pour obtenir des r\u00e9ponses. Mises \u00e0 jour du firmware Visitez notre page avec les mises \u00e0 jour de Firmware pour mettre \u00e0 jour votre appareil Dethonray. Contact Vous &hellip; Soutien Lire la suite \u00bb","og_url":"https:\/\/dethonray.nl\/fr\/soutien","og_site_name":"Dethonray","article_modified_time":"2021-02-01T16:25:42+00:00","twitter_card":"summary_large_image","schema":{"@context":"https:\/\/schema.org","@graph":[{"@type":"WebPage","@id":"https:\/\/dethonray.nl\/fr\/soutien","url":"https:\/\/dethonray.nl\/fr\/soutien","name":"Dethonray - Soutien","isPartOf":{"@id":"https:\/\/dethonray.nl\/fr#website"},"datePublished":"2021-02-01T14:57:24+00:00","dateModified":"2021-02-01T16:25:42+00:00","breadcrumb":{"@id":"https:\/\/dethonray.nl\/fr\/soutien#breadcrumb"},"inLanguage":"fr-FR","potentialAction":[{"@type":"ReadAction","target":["https:\/\/dethonray.nl\/fr\/soutien"]}]},{"@type":"BreadcrumbList","@id":"https:\/\/dethonray.nl\/fr\/soutien#breadcrumb","itemListElement":[{"@type":"ListItem","position":1,"name":"Home","item":"https:\/\/dethonray.nl\/fr"},{"@type":"ListItem","position":2,"name":"Soutien"}]},{"@type":"WebSite","@id":"https:\/\/dethonray.nl\/fr#website","url":"https:\/\/dethonray.nl\/fr","name":"Dethonray","description":"Bring Live back to music","publisher":{"@id":"https:\/\/dethonray.nl\/fr#organization"},"potentialAction":[{"@type":"SearchAction","target":{"@type":"EntryPoint","urlTemplate":"https:\/\/dethonray.nl\/fr?s={search_term_string}"},"query-input":"required name=search_term_string"}],"inLanguage":"fr-FR"},{"@type":"Organization","@id":"https:\/\/dethonray.nl\/fr#organization","name":"Dethonray","url":"https:\/\/dethonray.nl\/fr","logo":{"@type":"ImageObject","inLanguage":"fr-FR","@id":"https:\/\/dethonray.nl\/fr#\/schema\/logo\/image\/","url":"https:\/\/dethonray.nl\/wp-content\/uploads\/2020\/10\/DETHONRAY_LOGO-1101-1.png","contentUrl":"https:\/\/dethonray.nl\/wp-content\/uploads\/2020\/10\/DETHONRAY_LOGO-1101-1.png","width":246,"height":149,"caption":"Dethonray"},"image":{"@id":"https:\/\/dethonray.nl\/fr#\/schema\/logo\/image\/"}}]}},"_links":{"self":[{"href":"https:\/\/dethonray.nl\/fr\/wp-json\/wp\/v2\/pages\/1824"}],"collection":[{"href":"https:\/\/dethonray.nl\/fr\/wp-json\/wp\/v2\/pages"}],"about":[{"href":"https:\/\/dethonray.nl\/fr\/wp-json\/wp\/v2\/types\/page"}],"author":[{"embeddable":true,"href":"https:\/\/dethonray.nl\/fr\/wp-json\/wp\/v2\/users\/1"}],"replies":[{"embeddable":true,"href":"https:\/\/dethonray.nl\/fr\/wp-json\/wp\/v2\/comments?post=1824"}],"version-history":[{"count":9,"href":"https:\/\/dethonray.nl\/fr\/wp-json\/wp\/v2\/pages\/1824\/revisions"}],"predecessor-version":[{"id":1836,"href":"https:\/\/dethonray.nl\/fr\/wp-json\/wp\/v2\/pages\/1824\/revisions\/1836"}],"wp:attachment":[{"href":"https:\/\/dethonray.nl\/fr\/wp-json\/wp\/v2\/media?parent=1824"}],"curies":[{"name":"wp","href":"https:\/\/api.w.org\/{rel}","templated":true}]}}