{"id":1817,"date":"2021-02-01T16:43:10","date_gmt":"2021-02-01T14:43:10","guid":{"rendered":"https:\/\/dethonray.nl\/a-propos-de-nous"},"modified":"2022-04-06T11:20:02","modified_gmt":"2022-04-06T09:20:02","slug":"a-propos-de-nous","status":"publish","type":"page","link":"https:\/\/dethonray.nl\/fr\/a-propos-de-nous","title":{"rendered":"\u00c0 propos de nous"},"content":{"rendered":"\t\t<div data-elementor-type=\"wp-post\" data-elementor-id=\"1817\" class=\"elementor elementor-1817 elementor-1079\">\n\t\t\t\t\t\t\t\t\t<section class=\"elementor-section elementor-top-section elementor-element elementor-element-6ccdc95 elementor-section-content-middle elementor-section-boxed elementor-section-height-default elementor-section-height-default\" data-id=\"6ccdc95\" data-element_type=\"section\" data-settings=\"{&quot;background_background&quot;:&quot;classic&quot;}\">\n\t\t\t\t\t\t\t<div class=\"elementor-background-overlay\"><\/div>\n\t\t\t\t\t\t\t<div class=\"elementor-container elementor-column-gap-no\">\n\t\t\t\t\t<div class=\"elementor-column elementor-col-100 elementor-top-column elementor-element elementor-element-4f6adc0\" data-id=\"4f6adc0\" data-element_type=\"column\">\n\t\t\t<div class=\"elementor-widget-wrap elementor-element-populated\">\n\t\t\t\t\t\t\t\t<div class=\"elementor-element elementor-element-179c706 elementor-widget elementor-widget-heading\" data-id=\"179c706\" data-element_type=\"widget\" data-widget_type=\"heading.default\">\n\t\t\t\t<div class=\"elementor-widget-container\">\n\t\t\t<h1 class=\"elementor-heading-title elementor-size-default\">\u00c0 propos de nous<\/h1>\t\t<\/div>\n\t\t\t\t<\/div>\n\t\t\t\t\t<\/div>\n\t\t<\/div>\n\t\t\t\t\t\t\t<\/div>\n\t\t<\/section>\n\t\t\t\t<section class=\"elementor-section elementor-top-section elementor-element elementor-element-4a5d220 elementor-section-boxed elementor-section-height-default elementor-section-height-default\" data-id=\"4a5d220\" data-element_type=\"section\">\n\t\t\t\t\t\t<div class=\"elementor-container elementor-column-gap-no\">\n\t\t\t\t\t<div class=\"elementor-column elementor-col-33 elementor-top-column elementor-element elementor-element-737ec4c\" data-id=\"737ec4c\" data-element_type=\"column\">\n\t\t\t<div class=\"elementor-widget-wrap elementor-element-populated\">\n\t\t\t\t\t\t\t\t<div class=\"elementor-element elementor-element-efb0e9a elementor-widget elementor-widget-heading\" data-id=\"efb0e9a\" data-element_type=\"widget\" data-widget_type=\"heading.default\">\n\t\t\t\t<div class=\"elementor-widget-container\">\n\t\t\t<h3 class=\"elementor-heading-title elementor-size-default\">\nDistributeur europ\u00e9en officiel des produits Dethonray<\/h3>\t\t<\/div>\n\t\t\t\t<\/div>\n\t\t\t\t\t<\/div>\n\t\t<\/div>\n\t\t\t\t<div class=\"elementor-column elementor-col-66 elementor-top-column elementor-element elementor-element-e6bc9af\" data-id=\"e6bc9af\" data-element_type=\"column\">\n\t\t\t<div class=\"elementor-widget-wrap elementor-element-populated\">\n\t\t\t\t\t\t\t\t<div class=\"elementor-element elementor-element-8bf9f70 elementor-widget elementor-widget-text-editor\" data-id=\"8bf9f70\" data-element_type=\"widget\" data-widget_type=\"text-editor.default\">\n\t\t\t\t<div class=\"elementor-widget-container\">\n\t\t\t\t\t\t\t<p>Dethonray.nl travaille avec le distributeur europ\u00e9en officiel de l&#8217;audio personnel Dethonray.<\/p>\n<p>Audio personnel et profiter de la bonne musique pendant les trajets&nbsp; ou \u00e0 domicile&nbsp; attire de plus en plus l&#8217;attention.<\/p>\n<p>Le niveau de performance des nouveaux produits est&nbsp; passer \u00e0 un niveau sup\u00e9rieur. Dans les forums internationaux, sur YouTube et dans les groupes Facebook, les gens peuvent partager des informations sur les meilleurs produits audio dans diff\u00e9rents budgets et gammes de prix.<\/p>\n<p>Informations sur les produits et marques de cette niche \/ boutique&nbsp; est facile \u00e0 trouver. La disponibilit\u00e9 sur l&#8217;ensemble des cha\u00eenes europ\u00e9ennes n&#8217;est souvent pas si facile.<\/p>\n<p>Dethonray.nl travaille avec des revendeurs europ\u00e9ens et exp\u00e9die aux clients.&nbsp; Dethonray.nl organise l&#8217;exp\u00e9dition et l&#8217;assistance en Europe depuis les Pays-Bas.&nbsp;<\/p>\n<p>Nous pr\u00e9voyons \u00e9galement d&#8217;\u00eatre pr\u00e9sents lors de salons audio de premier plan o\u00f9 les passionn\u00e9s se rencontrent.<\/p>\t\t\t\t\t\t<\/div>\n\t\t\t\t<\/div>\n\t\t\t\t\t<\/div>\n\t\t<\/div>\n\t\t\t\t\t\t\t<\/div>\n\t\t<\/section>\n\t\t\t\t<section class=\"elementor-section elementor-top-section elementor-element elementor-element-a400379 elementor-section-content-middle elementor-section-boxed elementor-section-height-default elementor-section-height-default\" data-id=\"a400379\" data-element_type=\"section\" data-settings=\"{&quot;background_background&quot;:&quot;classic&quot;}\">\n\t\t\t\t\t\t<div class=\"elementor-container elementor-column-gap-no\">\n\t\t\t\t\t<div class=\"elementor-column elementor-col-100 elementor-top-column elementor-element elementor-element-c9222c3\" data-id=\"c9222c3\" data-element_type=\"column\">\n\t\t\t<div class=\"elementor-widget-wrap elementor-element-populated\">\n\t\t\t\t\t\t\t\t<div class=\"elementor-element elementor-element-7e489a2 elementor-widget elementor-widget-heading\" data-id=\"7e489a2\" data-element_type=\"widget\" data-widget_type=\"heading.default\">\n\t\t\t\t<div class=\"elementor-widget-container\">\n\t\t\t<h2 class=\"elementor-heading-title elementor-size-default\">Dethonray<\/h2>\t\t<\/div>\n\t\t\t\t<\/div>\n\t\t\t\t<div class=\"elementor-element elementor-element-b2657e0 elementor-widget elementor-widget-text-editor\" data-id=\"b2657e0\" data-element_type=\"widget\" data-widget_type=\"text-editor.default\">\n\t\t\t\t<div class=\"elementor-widget-container\">\n\t\t\t\t\t\t\t<p><span style=\"font-weight: 400;\">La marque et la soci\u00e9t\u00e9 Dethonray ont \u00e9t\u00e9 cr\u00e9\u00e9es il y a quelques ann\u00e9es par Anson Tse.<\/span><\/p><p><span style=\"font-weight: 400;\">Anson a travaill\u00e9 pendant de nombreuses ann\u00e9es en tant que concepteur et ing\u00e9nieur en chef pour de grandes marques de l&#8217;audio num\u00e9rique.<\/span><\/p><p><span style=\"font-weight: 400;\">Dethonray est une petite marque boutique qui se distingue des noms plus grands et mieux connus avec une approche enti\u00e8rement ax\u00e9e sur l&#8217;obtention du meilleur son.<\/span><\/p>\t\t\t\t\t\t<\/div>\n\t\t\t\t<\/div>\n\t\t\t\t<div class=\"elementor-element elementor-element-beeacce elementor-widget elementor-widget-image\" data-id=\"beeacce\" data-element_type=\"widget\" data-widget_type=\"image.default\">\n\t\t\t\t<div class=\"elementor-widget-container\">\n\t\t\t\t\t\t\t\t\t\t\t\t\t\t\t<img decoding=\"async\" width=\"246\" height=\"149\" src=\"https:\/\/dethonray.nl\/wp-content\/uploads\/2020\/09\/DETHONRAY_LOGO-1101.png\" class=\"attachment-full size-full wp-image-1087\" alt=\"\" srcset=\"https:\/\/dethonray.nl\/wp-content\/uploads\/2020\/09\/DETHONRAY_LOGO-1101.png 246w, https:\/\/dethonray.nl\/wp-content\/uploads\/2020\/09\/DETHONRAY_LOGO-1101-100x61.png 100w\" sizes=\"(max-width: 246px) 100vw, 246px\" \/>\t\t\t\t\t\t\t\t\t\t\t\t\t\t\t<\/div>\n\t\t\t\t<\/div>\n\t\t\t\t\t<\/div>\n\t\t<\/div>\n\t\t\t\t\t\t\t<\/div>\n\t\t<\/section>\n\t\t\t\t<section class=\"elementor-section elementor-top-section elementor-element elementor-element-dc6a4e3 elementor-section-boxed elementor-section-height-default elementor-section-height-default\" data-id=\"dc6a4e3\" data-element_type=\"section\" data-settings=\"{&quot;background_background&quot;:&quot;classic&quot;}\">\n\t\t\t\t\t\t<div class=\"elementor-container elementor-column-gap-no\">\n\t\t\t\t\t<div class=\"elementor-column elementor-col-100 elementor-top-column elementor-element elementor-element-0e2a233\" data-id=\"0e2a233\" data-element_type=\"column\">\n\t\t\t<div class=\"elementor-widget-wrap elementor-element-populated\">\n\t\t\t\t\t\t\t\t<div class=\"elementor-element elementor-element-e075a06 elementor-widget elementor-widget-heading\" data-id=\"e075a06\" data-element_type=\"widget\" data-widget_type=\"heading.default\">\n\t\t\t\t<div class=\"elementor-widget-container\">\n\t\t\t<h2 class=\"elementor-heading-title elementor-size-default\">Int\u00e9ress\u00e9? Acc\u00e9dez \u00e0 notre boutique en ligne!<\/h2>\t\t<\/div>\n\t\t\t\t<\/div>\n\t\t\t\t<div class=\"elementor-element elementor-element-863954d elementor-widget elementor-widget-text-editor\" data-id=\"863954d\" data-element_type=\"widget\" data-widget_type=\"text-editor.default\">\n\t\t\t\t<div class=\"elementor-widget-container\">\n\t\t\t\t\t\t\t<p>Achetez en Europe pour une exp\u00e9dition rapide et sans tracas et sans taxes suppl\u00e9mentaires ni frais de douane.<\/p>\t\t\t\t\t\t<\/div>\n\t\t\t\t<\/div>\n\t\t\t\t<div class=\"elementor-element elementor-element-f5c8852 elementor-mobile-align-center elementor-align-center elementor-widget elementor-widget-button\" data-id=\"f5c8852\" data-element_type=\"widget\" data-widget_type=\"button.default\">\n\t\t\t\t<div class=\"elementor-widget-container\">\n\t\t\t\t\t<div class=\"elementor-button-wrapper\">\n\t\t\t<a class=\"elementor-button elementor-button-link elementor-size-md\" href=\"#\">\n\t\t\t\t\t\t<span class=\"elementor-button-content-wrapper\">\n\t\t\t\t\t\t<span class=\"elementor-button-text\">Aller \u00e0 la boutique<\/span>\n\t\t<\/span>\n\t\t\t\t\t<\/a>\n\t\t<\/div>\n\t\t\t\t<\/div>\n\t\t\t\t<\/div>\n\t\t\t\t\t<\/div>\n\t\t<\/div>\n\t\t\t\t\t\t\t<\/div>\n\t\t<\/section>\n\t\t\t\t\t\t\t<\/div>\n\t\t","protected":false},"excerpt":{"rendered":"<p>\u00c0 propos de nous Distributeur europ\u00e9en officiel des produits Dethonray Dethonray.nl travaille avec le distributeur europ\u00e9en officiel de l&#8217;audio personnel Dethonray. Audio personnel et profiter de la bonne musique pendant les trajets&nbsp; ou \u00e0 domicile&nbsp; attire de plus en plus l&#8217;attention. Le niveau de performance des nouveaux produits est&nbsp; passer \u00e0 un niveau sup\u00e9rieur. Dans &hellip;<\/p>\n<p class=\"read-more\"> <a class=\"\" href=\"https:\/\/dethonray.nl\/fr\/a-propos-de-nous\"> <span class=\"screen-reader-text\">\u00c0 propos de nous<\/span> Lire la suite \u00bb<\/a><\/p>\n","protected":false},"author":1,"featured_media":0,"parent":0,"menu_order":0,"comment_status":"closed","ping_status":"closed","template":"","meta":{"site-sidebar-layout":"no-sidebar","site-content-layout":"page-builder","ast-site-content-layout":"","site-content-style":"default","site-sidebar-style":"default","ast-global-header-display":"","ast-banner-title-visibility":"","ast-main-header-display":"","ast-hfb-above-header-display":"","ast-hfb-below-header-display":"","ast-hfb-mobile-header-display":"","site-post-title":"disabled","ast-breadcrumbs-content":"","ast-featured-img":"disabled","footer-sml-layout":"","theme-transparent-header-meta":"enabled","adv-header-id-meta":"","stick-header-meta":"default","header-above-stick-meta":"","header-main-stick-meta":"","header-below-stick-meta":"","astra-migrate-meta-layouts":"","ast-page-background-enabled":"default","ast-page-background-meta":{"desktop":{"background-color":"","background-image":"","background-repeat":"repeat","background-position":"center center","background-size":"auto","background-attachment":"scroll","background-type":"","background-media":"","overlay-type":"","overlay-color":"","overlay-gradient":""},"tablet":{"background-color":"","background-image":"","background-repeat":"repeat","background-position":"center center","background-size":"auto","background-attachment":"scroll","background-type":"","background-media":"","overlay-type":"","overlay-color":"","overlay-gradient":""},"mobile":{"background-color":"","background-image":"","background-repeat":"repeat","background-position":"center center","background-size":"auto","background-attachment":"scroll","background-type":"","background-media":"","overlay-type":"","overlay-color":"","overlay-gradient":""}},"ast-content-background-meta":{"desktop":{"background-color":"var(--ast-global-color-5)","background-image":"","background-repeat":"repeat","background-position":"center center","background-size":"auto","background-attachment":"scroll","background-type":"","background-media":"","overlay-type":"","overlay-color":"","overlay-gradient":""},"tablet":{"background-color":"var(--ast-global-color-5)","background-image":"","background-repeat":"repeat","background-position":"center center","background-size":"auto","background-attachment":"scroll","background-type":"","background-media":"","overlay-type":"","overlay-color":"","overlay-gradient":""},"mobile":{"background-color":"var(--ast-global-color-5)","background-image":"","background-repeat":"repeat","background-position":"center center","background-size":"auto","background-attachment":"scroll","background-type":"","background-media":"","overlay-type":"","overlay-color":"","overlay-gradient":""}},"footnotes":""},"yoast_head":"<!-- This site is optimized with the Yoast SEO plugin v21.4 - https:\/\/yoast.com\/wordpress\/plugins\/seo\/ -->\n<title>Dethonray - \u00c0 propos de nous<\/title>\n<meta name=\"robots\" content=\"index, follow, max-snippet:-1, max-image-preview:large, max-video-preview:-1\" \/>\n<link rel=\"canonical\" href=\"https:\/\/dethonray.nl\/fr\/a-propos-de-nous\" \/>\n<meta property=\"og:locale\" content=\"fr_FR\" \/>\n<meta property=\"og:type\" content=\"article\" \/>\n<meta property=\"og:title\" content=\"Dethonray - \u00c0 propos de nous\" \/>\n<meta property=\"og:description\" content=\"\u00c0 propos de nous Distributeur europ\u00e9en officiel des produits Dethonray Dethonray.nl travaille avec le distributeur europ\u00e9en officiel de l&#8217;audio personnel Dethonray. Audio personnel et profiter de la bonne musique pendant les trajets&nbsp; ou \u00e0 domicile&nbsp; attire de plus en plus l&#8217;attention. Le niveau de performance des nouveaux produits est&nbsp; passer \u00e0 un niveau sup\u00e9rieur. Dans &hellip; \u00c0 propos de nous Lire la suite \u00bb\" \/>\n<meta property=\"og:url\" content=\"https:\/\/dethonray.nl\/fr\/a-propos-de-nous\" \/>\n<meta property=\"og:site_name\" content=\"Dethonray\" \/>\n<meta property=\"article:modified_time\" content=\"2022-04-06T09:20:02+00:00\" \/>\n<meta property=\"og:image\" content=\"https:\/\/dethonray.nl\/wp-content\/uploads\/2020\/09\/DETHONRAY_LOGO-1101.png\" \/>\n<meta name=\"twitter:card\" content=\"summary_large_image\" \/>\n<meta name=\"twitter:label1\" content=\"Dur\u00e9e de lecture estim\u00e9e\" \/>\n\t<meta name=\"twitter:data1\" content=\"1 minute\" \/>\n<script type=\"application\/ld+json\" class=\"yoast-schema-graph\">{\"@context\":\"https:\/\/schema.org\",\"@graph\":[{\"@type\":\"WebPage\",\"@id\":\"https:\/\/dethonray.nl\/fr\/a-propos-de-nous\",\"url\":\"https:\/\/dethonray.nl\/fr\/a-propos-de-nous\",\"name\":\"Dethonray - \u00c0 propos de nous\",\"isPartOf\":{\"@id\":\"https:\/\/dethonray.nl\/fr#website\"},\"datePublished\":\"2021-02-01T14:43:10+00:00\",\"dateModified\":\"2022-04-06T09:20:02+00:00\",\"breadcrumb\":{\"@id\":\"https:\/\/dethonray.nl\/fr\/a-propos-de-nous#breadcrumb\"},\"inLanguage\":\"fr-FR\",\"potentialAction\":[{\"@type\":\"ReadAction\",\"target\":[\"https:\/\/dethonray.nl\/fr\/a-propos-de-nous\"]}]},{\"@type\":\"BreadcrumbList\",\"@id\":\"https:\/\/dethonray.nl\/fr\/a-propos-de-nous#breadcrumb\",\"itemListElement\":[{\"@type\":\"ListItem\",\"position\":1,\"name\":\"Home\",\"item\":\"https:\/\/dethonray.nl\/fr\"},{\"@type\":\"ListItem\",\"position\":2,\"name\":\"\u00c0 propos de nous\"}]},{\"@type\":\"WebSite\",\"@id\":\"https:\/\/dethonray.nl\/fr#website\",\"url\":\"https:\/\/dethonray.nl\/fr\",\"name\":\"Dethonray\",\"description\":\"Bring Live back to music\",\"publisher\":{\"@id\":\"https:\/\/dethonray.nl\/fr#organization\"},\"potentialAction\":[{\"@type\":\"SearchAction\",\"target\":{\"@type\":\"EntryPoint\",\"urlTemplate\":\"https:\/\/dethonray.nl\/fr?s={search_term_string}\"},\"query-input\":\"required name=search_term_string\"}],\"inLanguage\":\"fr-FR\"},{\"@type\":\"Organization\",\"@id\":\"https:\/\/dethonray.nl\/fr#organization\",\"name\":\"Dethonray\",\"url\":\"https:\/\/dethonray.nl\/fr\",\"logo\":{\"@type\":\"ImageObject\",\"inLanguage\":\"fr-FR\",\"@id\":\"https:\/\/dethonray.nl\/fr#\/schema\/logo\/image\/\",\"url\":\"https:\/\/dethonray.nl\/wp-content\/uploads\/2020\/10\/DETHONRAY_LOGO-1101-1.png\",\"contentUrl\":\"https:\/\/dethonray.nl\/wp-content\/uploads\/2020\/10\/DETHONRAY_LOGO-1101-1.png\",\"width\":246,\"height\":149,\"caption\":\"Dethonray\"},\"image\":{\"@id\":\"https:\/\/dethonray.nl\/fr#\/schema\/logo\/image\/\"}}]}<\/script>\n<!-- \/ Yoast SEO plugin. -->","yoast_head_json":{"title":"Dethonray - \u00c0 propos de nous","robots":{"index":"index","follow":"follow","max-snippet":"max-snippet:-1","max-image-preview":"max-image-preview:large","max-video-preview":"max-video-preview:-1"},"canonical":"https:\/\/dethonray.nl\/fr\/a-propos-de-nous","og_locale":"fr_FR","og_type":"article","og_title":"Dethonray - \u00c0 propos de nous","og_description":"\u00c0 propos de nous Distributeur europ\u00e9en officiel des produits Dethonray Dethonray.nl travaille avec le distributeur europ\u00e9en officiel de l&#8217;audio personnel Dethonray. Audio personnel et profiter de la bonne musique pendant les trajets&nbsp; ou \u00e0 domicile&nbsp; attire de plus en plus l&#8217;attention. Le niveau de performance des nouveaux produits est&nbsp; passer \u00e0 un niveau sup\u00e9rieur. Dans &hellip; \u00c0 propos de nous Lire la suite \u00bb","og_url":"https:\/\/dethonray.nl\/fr\/a-propos-de-nous","og_site_name":"Dethonray","article_modified_time":"2022-04-06T09:20:02+00:00","og_image":[{"url":"https:\/\/dethonray.nl\/wp-content\/uploads\/2020\/09\/DETHONRAY_LOGO-1101.png"}],"twitter_card":"summary_large_image","twitter_misc":{"Dur\u00e9e de lecture estim\u00e9e":"1 minute"},"schema":{"@context":"https:\/\/schema.org","@graph":[{"@type":"WebPage","@id":"https:\/\/dethonray.nl\/fr\/a-propos-de-nous","url":"https:\/\/dethonray.nl\/fr\/a-propos-de-nous","name":"Dethonray - \u00c0 propos de nous","isPartOf":{"@id":"https:\/\/dethonray.nl\/fr#website"},"datePublished":"2021-02-01T14:43:10+00:00","dateModified":"2022-04-06T09:20:02+00:00","breadcrumb":{"@id":"https:\/\/dethonray.nl\/fr\/a-propos-de-nous#breadcrumb"},"inLanguage":"fr-FR","potentialAction":[{"@type":"ReadAction","target":["https:\/\/dethonray.nl\/fr\/a-propos-de-nous"]}]},{"@type":"BreadcrumbList","@id":"https:\/\/dethonray.nl\/fr\/a-propos-de-nous#breadcrumb","itemListElement":[{"@type":"ListItem","position":1,"name":"Home","item":"https:\/\/dethonray.nl\/fr"},{"@type":"ListItem","position":2,"name":"\u00c0 propos de nous"}]},{"@type":"WebSite","@id":"https:\/\/dethonray.nl\/fr#website","url":"https:\/\/dethonray.nl\/fr","name":"Dethonray","description":"Bring Live back to music","publisher":{"@id":"https:\/\/dethonray.nl\/fr#organization"},"potentialAction":[{"@type":"SearchAction","target":{"@type":"EntryPoint","urlTemplate":"https:\/\/dethonray.nl\/fr?s={search_term_string}"},"query-input":"required name=search_term_string"}],"inLanguage":"fr-FR"},{"@type":"Organization","@id":"https:\/\/dethonray.nl\/fr#organization","name":"Dethonray","url":"https:\/\/dethonray.nl\/fr","logo":{"@type":"ImageObject","inLanguage":"fr-FR","@id":"https:\/\/dethonray.nl\/fr#\/schema\/logo\/image\/","url":"https:\/\/dethonray.nl\/wp-content\/uploads\/2020\/10\/DETHONRAY_LOGO-1101-1.png","contentUrl":"https:\/\/dethonray.nl\/wp-content\/uploads\/2020\/10\/DETHONRAY_LOGO-1101-1.png","width":246,"height":149,"caption":"Dethonray"},"image":{"@id":"https:\/\/dethonray.nl\/fr#\/schema\/logo\/image\/"}}]}},"_links":{"self":[{"href":"https:\/\/dethonray.nl\/fr\/wp-json\/wp\/v2\/pages\/1817"}],"collection":[{"href":"https:\/\/dethonray.nl\/fr\/wp-json\/wp\/v2\/pages"}],"about":[{"href":"https:\/\/dethonray.nl\/fr\/wp-json\/wp\/v2\/types\/page"}],"author":[{"embeddable":true,"href":"https:\/\/dethonray.nl\/fr\/wp-json\/wp\/v2\/users\/1"}],"replies":[{"embeddable":true,"href":"https:\/\/dethonray.nl\/fr\/wp-json\/wp\/v2\/comments?post=1817"}],"version-history":[{"count":4,"href":"https:\/\/dethonray.nl\/fr\/wp-json\/wp\/v2\/pages\/1817\/revisions"}],"predecessor-version":[{"id":2004,"href":"https:\/\/dethonray.nl\/fr\/wp-json\/wp\/v2\/pages\/1817\/revisions\/2004"}],"wp:attachment":[{"href":"https:\/\/dethonray.nl\/fr\/wp-json\/wp\/v2\/media?parent=1817"}],"curies":[{"name":"wp","href":"https:\/\/api.w.org\/{rel}","templated":true}]}}